{"id":15620,"date":"2022-09-28T20:55:16","date_gmt":"2022-09-28T18:55:16","guid":{"rendered":"https:\/\/rikliskarto.com\/shop\/carner-barcelona-feigenmann\/"},"modified":"2025-06-12T11:48:39","modified_gmt":"2025-06-12T09:48:39","slug":"carner-barcelona-feigenmann","status":"publish","type":"product","link":"https:\/\/rikliskarto.com\/de\/nischen-parfum\/carner-barcelona-de\/carner-barcelona-feigenmann\/","title":{"rendered":"Carner Barcelona &#8211; Feigenmann"},"content":{"rendered":"<p style=\"font-weight: 400;\">M\u00f6chten Sie die mediterrane Seele Barcelonas in Ihrem Leben sp\u00fcren?<\/p>\n<p style=\"font-weight: 400;\">Carner Barcelona f\u00e4ngt den lebendigen Geist Barcelonas in jeder Flasche Parf\u00fcm ein. Diese Parfums sind unverwechselbar, aufrichtig und charaktervoll. D\u00fcfte mit eigener Identit\u00e4t, die in Barcelona von echten Handwerkern hergestellt werden.  <\/p>\n<p style=\"font-weight: 400;\">Die elegante Glasflasche ist eine Ode an den zeitgen\u00f6ssischen Geist Barcelonas. Klare Linien und schwarz-wei\u00dfe Farben zeigen die Einfachheit und Leichtigkeit des Lebens an der Mittelmeerk\u00fcste. <\/p>\n<p style=\"font-weight: 400;\">Kaufen Sie jetzt Ihren authentischen Carner Barcelona Duft auf unserer Website!<\/p>\n","protected":false},"excerpt":{"rendered":"<p><span style=\"font-weight: 400;\">Lassen Sie Ihrer Fantasie freien Lauf mit Fig Man, einem verlockenden Duft, der von Dal\u00eds wundersamer Illustration Homme Figuier inspiriert ist. Den Kern bildet eine erdige Komposition aus heller Bergamotte und Veilchen, die sich mit w\u00fcrzigem Kardamom und Tonkabohnen vermischen. Tauchen Sie tiefer ein und entdecken Sie \u00fcppige Meeresnoten, die sich mit Feigenbl\u00e4ttern vermischen &#8211; sie erinnern an die mediterranen Feigenb\u00e4ume entlang der sonnenverw\u00f6hnten K\u00fcste!  <\/span><\/p>\n<p><span style=\"font-weight: 400;\">Jetzt kaufen Carner Barcelona Fig Man bei Riklis Karto!<\/span><\/p>\n","protected":false},"featured_media":4761,"comment_status":"open","ping_status":"closed","template":"","meta":{"_acf_changed":false},"product_brand":[],"product_cat":[862,1675],"product_tag":[],"class_list":{"0":"post-15620","1":"product","2":"type-product","3":"status-publish","4":"has-post-thumbnail","6":"product_cat-nischen-parfum","7":"product_cat-carner-barcelona-de","8":"brand-carner-barcelona-de","10":"first","11":"instock","12":"purchasable","13":"product-type-variable","14":"has-default-attributes"},"acf":[],"yoast_head":"<!-- This site is optimized with the Yoast SEO plugin v25.9 - https:\/\/yoast.com\/wordpress\/plugins\/seo\/ -->\n<title>Carner Barcelona - Feigenmann - Riklis Karto<\/title>\n<meta name=\"robots\" content=\"index, follow, max-snippet:-1, max-image-preview:large, max-video-preview:-1\" \/>\n<link rel=\"canonical\" href=\"https:\/\/rikliskarto.com\/de\/nischen-parfum\/carner-barcelona-de\/carner-barcelona-feigenmann\/\" \/>\n<meta property=\"og:locale\" content=\"de_DE\" \/>\n<meta property=\"og:type\" content=\"article\" \/>\n<meta property=\"og:title\" content=\"Carner Barcelona - Feigenmann - Riklis Karto\" \/>\n<meta property=\"og:description\" content=\"Lassen Sie Ihrer Fantasie freien Lauf mit Fig Man, einem verlockenden Duft, der von Dal\u00eds wundersamer Illustration Homme Figuier inspiriert ist. Den Kern bildet eine erdige Komposition aus heller Bergamotte und Veilchen, die sich mit w\u00fcrzigem Kardamom und Tonkabohnen vermischen. Tauchen Sie tiefer ein und entdecken Sie \u00fcppige Meeresnoten, die sich mit Feigenbl\u00e4ttern vermischen - sie erinnern an die mediterranen Feigenb\u00e4ume entlang der sonnenverw\u00f6hnten K\u00fcste!  Jetzt kaufen Carner Barcelona Fig Man bei Riklis Karto!\" \/>\n<meta property=\"og:url\" content=\"https:\/\/rikliskarto.com\/de\/nischen-parfum\/carner-barcelona-de\/carner-barcelona-feigenmann\/\" \/>\n<meta property=\"og:site_name\" content=\"Riklis Karto\" \/>\n<meta property=\"article:modified_time\" content=\"2025-06-12T09:48:39+00:00\" \/>\n<meta property=\"og:image\" content=\"https:\/\/rikliskarto.com\/wp-content\/uploads\/2024\/10\/carner-barcelona-figman.png\" \/>\n\t<meta property=\"og:image:width\" content=\"1000\" \/>\n\t<meta property=\"og:image:height\" content=\"1000\" \/>\n\t<meta property=\"og:image:type\" content=\"image\/webp\" \/>\n<meta name=\"twitter:card\" content=\"summary_large_image\" \/>\n<script type=\"application\/ld+json\" class=\"yoast-schema-graph\">{\"@context\":\"https:\/\/schema.org\",\"@graph\":[{\"@type\":\"WebPage\",\"@id\":\"https:\/\/rikliskarto.com\/de\/nischen-parfum\/carner-barcelona-de\/carner-barcelona-feigenmann\/\",\"url\":\"https:\/\/rikliskarto.com\/de\/nischen-parfum\/carner-barcelona-de\/carner-barcelona-feigenmann\/\",\"name\":\"Carner Barcelona - Feigenmann - Riklis Karto\",\"isPartOf\":{\"@id\":\"https:\/\/rikliskarto.com\/de\/#website\"},\"primaryImageOfPage\":{\"@id\":\"https:\/\/rikliskarto.com\/de\/nischen-parfum\/carner-barcelona-de\/carner-barcelona-feigenmann\/#primaryimage\"},\"image\":{\"@id\":\"https:\/\/rikliskarto.com\/de\/nischen-parfum\/carner-barcelona-de\/carner-barcelona-feigenmann\/#primaryimage\"},\"thumbnailUrl\":\"https:\/\/rikliskarto.com\/wp-content\/uploads\/2024\/10\/carner-barcelona-figman.png\",\"datePublished\":\"2022-09-28T18:55:16+00:00\",\"dateModified\":\"2025-06-12T09:48:39+00:00\",\"breadcrumb\":{\"@id\":\"https:\/\/rikliskarto.com\/de\/nischen-parfum\/carner-barcelona-de\/carner-barcelona-feigenmann\/#breadcrumb\"},\"inLanguage\":\"de\",\"potentialAction\":[{\"@type\":\"ReadAction\",\"target\":[\"https:\/\/rikliskarto.com\/de\/nischen-parfum\/carner-barcelona-de\/carner-barcelona-feigenmann\/\"]}]},{\"@type\":\"ImageObject\",\"inLanguage\":\"de\",\"@id\":\"https:\/\/rikliskarto.com\/de\/nischen-parfum\/carner-barcelona-de\/carner-barcelona-feigenmann\/#primaryimage\",\"url\":\"https:\/\/rikliskarto.com\/wp-content\/uploads\/2024\/10\/carner-barcelona-figman.png\",\"contentUrl\":\"https:\/\/rikliskarto.com\/wp-content\/uploads\/2024\/10\/carner-barcelona-figman.png\",\"width\":1000,\"height\":1000},{\"@type\":\"BreadcrumbList\",\"@id\":\"https:\/\/rikliskarto.com\/de\/nischen-parfum\/carner-barcelona-de\/carner-barcelona-feigenmann\/#breadcrumb\",\"itemListElement\":[{\"@type\":\"ListItem\",\"position\":1,\"name\":\"Home\",\"item\":\"https:\/\/rikliskarto.com\/de\/heim\/\"},{\"@type\":\"ListItem\",\"position\":2,\"name\":\"Priv\u00e9: Laden\",\"item\":\"https:\/\/rikliskarto.com\/de\/shop\/\"},{\"@type\":\"ListItem\",\"position\":3,\"name\":\"Carner Barcelona &#8211; Feigenmann\"}]},{\"@type\":\"WebSite\",\"@id\":\"https:\/\/rikliskarto.com\/de\/#website\",\"url\":\"https:\/\/rikliskarto.com\/de\/\",\"name\":\"Riklis Karto\",\"description\":\"Ontdek de beste Niche Parfum &amp; Geurkaarsen.\",\"potentialAction\":[{\"@type\":\"SearchAction\",\"target\":{\"@type\":\"EntryPoint\",\"urlTemplate\":\"https:\/\/rikliskarto.com\/de\/?s={search_term_string}\"},\"query-input\":{\"@type\":\"PropertyValueSpecification\",\"valueRequired\":true,\"valueName\":\"search_term_string\"}}],\"inLanguage\":\"de\"}]}<\/script>\n<!-- \/ Yoast SEO plugin. -->","yoast_head_json":{"title":"Carner Barcelona - Feigenmann - Riklis Karto","robots":{"index":"index","follow":"follow","max-snippet":"max-snippet:-1","max-image-preview":"max-image-preview:large","max-video-preview":"max-video-preview:-1"},"canonical":"https:\/\/rikliskarto.com\/de\/nischen-parfum\/carner-barcelona-de\/carner-barcelona-feigenmann\/","og_locale":"de_DE","og_type":"article","og_title":"Carner Barcelona - Feigenmann - Riklis Karto","og_description":"Lassen Sie Ihrer Fantasie freien Lauf mit Fig Man, einem verlockenden Duft, der von Dal\u00eds wundersamer Illustration Homme Figuier inspiriert ist. Den Kern bildet eine erdige Komposition aus heller Bergamotte und Veilchen, die sich mit w\u00fcrzigem Kardamom und Tonkabohnen vermischen. Tauchen Sie tiefer ein und entdecken Sie \u00fcppige Meeresnoten, die sich mit Feigenbl\u00e4ttern vermischen - sie erinnern an die mediterranen Feigenb\u00e4ume entlang der sonnenverw\u00f6hnten K\u00fcste!  Jetzt kaufen Carner Barcelona Fig Man bei Riklis Karto!","og_url":"https:\/\/rikliskarto.com\/de\/nischen-parfum\/carner-barcelona-de\/carner-barcelona-feigenmann\/","og_site_name":"Riklis Karto","article_modified_time":"2025-06-12T09:48:39+00:00","og_image":[{"width":1000,"height":1000,"url":"https:\/\/rikliskarto.com\/wp-content\/uploads\/2024\/10\/carner-barcelona-figman.png","type":"image\/webp"}],"twitter_card":"summary_large_image","schema":{"@context":"https:\/\/schema.org","@graph":[{"@type":"WebPage","@id":"https:\/\/rikliskarto.com\/de\/nischen-parfum\/carner-barcelona-de\/carner-barcelona-feigenmann\/","url":"https:\/\/rikliskarto.com\/de\/nischen-parfum\/carner-barcelona-de\/carner-barcelona-feigenmann\/","name":"Carner Barcelona - Feigenmann - Riklis Karto","isPartOf":{"@id":"https:\/\/rikliskarto.com\/de\/#website"},"primaryImageOfPage":{"@id":"https:\/\/rikliskarto.com\/de\/nischen-parfum\/carner-barcelona-de\/carner-barcelona-feigenmann\/#primaryimage"},"image":{"@id":"https:\/\/rikliskarto.com\/de\/nischen-parfum\/carner-barcelona-de\/carner-barcelona-feigenmann\/#primaryimage"},"thumbnailUrl":"https:\/\/rikliskarto.com\/wp-content\/uploads\/2024\/10\/carner-barcelona-figman.png","datePublished":"2022-09-28T18:55:16+00:00","dateModified":"2025-06-12T09:48:39+00:00","breadcrumb":{"@id":"https:\/\/rikliskarto.com\/de\/nischen-parfum\/carner-barcelona-de\/carner-barcelona-feigenmann\/#breadcrumb"},"inLanguage":"de","potentialAction":[{"@type":"ReadAction","target":["https:\/\/rikliskarto.com\/de\/nischen-parfum\/carner-barcelona-de\/carner-barcelona-feigenmann\/"]}]},{"@type":"ImageObject","inLanguage":"de","@id":"https:\/\/rikliskarto.com\/de\/nischen-parfum\/carner-barcelona-de\/carner-barcelona-feigenmann\/#primaryimage","url":"https:\/\/rikliskarto.com\/wp-content\/uploads\/2024\/10\/carner-barcelona-figman.png","contentUrl":"https:\/\/rikliskarto.com\/wp-content\/uploads\/2024\/10\/carner-barcelona-figman.png","width":1000,"height":1000},{"@type":"BreadcrumbList","@id":"https:\/\/rikliskarto.com\/de\/nischen-parfum\/carner-barcelona-de\/carner-barcelona-feigenmann\/#breadcrumb","itemListElement":[{"@type":"ListItem","position":1,"name":"Home","item":"https:\/\/rikliskarto.com\/de\/heim\/"},{"@type":"ListItem","position":2,"name":"Priv\u00e9: Laden","item":"https:\/\/rikliskarto.com\/de\/shop\/"},{"@type":"ListItem","position":3,"name":"Carner Barcelona &#8211; Feigenmann"}]},{"@type":"WebSite","@id":"https:\/\/rikliskarto.com\/de\/#website","url":"https:\/\/rikliskarto.com\/de\/","name":"Riklis Karto","description":"Ontdek de beste Niche Parfum &amp; Geurkaarsen.","potentialAction":[{"@type":"SearchAction","target":{"@type":"EntryPoint","urlTemplate":"https:\/\/rikliskarto.com\/de\/?s={search_term_string}"},"query-input":{"@type":"PropertyValueSpecification","valueRequired":true,"valueName":"search_term_string"}}],"inLanguage":"de"}]}},"_links":{"self":[{"href":"https:\/\/rikliskarto.com\/de\/wp-json\/wp\/v2\/product\/15620","targetHints":{"allow":["GET"]}}],"collection":[{"href":"https:\/\/rikliskarto.com\/de\/wp-json\/wp\/v2\/product"}],"about":[{"href":"https:\/\/rikliskarto.com\/de\/wp-json\/wp\/v2\/types\/product"}],"replies":[{"embeddable":true,"href":"https:\/\/rikliskarto.com\/de\/wp-json\/wp\/v2\/comments?post=15620"}],"wp:featuredmedia":[{"embeddable":true,"href":"https:\/\/rikliskarto.com\/de\/wp-json\/wp\/v2\/media\/4761"}],"wp:attachment":[{"href":"https:\/\/rikliskarto.com\/de\/wp-json\/wp\/v2\/media?parent=15620"}],"wp:term":[{"taxonomy":"product_brand","embeddable":true,"href":"https:\/\/rikliskarto.com\/de\/wp-json\/wp\/v2\/product_brand?post=15620"},{"taxonomy":"product_cat","embeddable":true,"href":"https:\/\/rikliskarto.com\/de\/wp-json\/wp\/v2\/product_cat?post=15620"},{"taxonomy":"product_tag","embeddable":true,"href":"https:\/\/rikliskarto.com\/de\/wp-json\/wp\/v2\/product_tag?post=15620"}],"curies":[{"name":"wp","href":"https:\/\/api.w.org\/{rel}","templated":true}]}}