{"id":15591,"date":"2022-09-28T20:55:14","date_gmt":"2022-09-28T18:55:14","guid":{"rendered":"https:\/\/rikliskarto.com\/shop\/mancera-wildes-bonbon\/"},"modified":"2025-06-12T11:50:00","modified_gmt":"2025-06-12T09:50:00","slug":"mancera-wildes-bonbon","status":"publish","type":"product","link":"https:\/\/rikliskarto.com\/de\/nischen-parfum\/mancera-parfum-de\/mancera-wildes-bonbon\/","title":{"rendered":"Mancera &#8211; Wildes Bonbon"},"content":{"rendered":"<p style=\"font-weight: 400;\">Auf der Suche nach einem luxuri\u00f6sen Duft, mit dem Sie sich einzigartig f\u00fchlen?<\/p>\n<p style=\"font-weight: 400;\">Mancera bietet Parfums mit westlichen und \u00f6stlichen Aromen an, die ausschlie\u00dflich aus den hochwertigsten Inhaltsstoffen hergestellt werden. Dar\u00fcber hinaus wird die schwere Kristallglasflasche vom italienischen Hersteller Luigi Bormioli ma\u00dfgefertigt, dessen Stil und Kunstwerk bis in die Renaissance zur\u00fcckreichen. <\/p>\n<p style=\"font-weight: 400;\">Du verdienst es, dich einzigartig und besonders zu f\u00fchlen. Deshalb bieten wir luxuri\u00f6se D\u00fcfte an, die Ihnen helfen, sich von der Masse abzuheben. Mit Mancera f\u00fchlen Sie sich immer selbstbewusst und fabelhaft.  <\/p>\n<p style=\"font-weight: 400;\">Kaufen Sie noch heute einen Mancera-Duft auf unserer Website!<\/p>\n","protected":false},"excerpt":{"rendered":"<p><span style=\"font-weight: 400;\">Entfliehen Sie dem Alltag und begeben Sie sich auf eine verlockende Reise mit Wild Candy von Mancera. Zitrusfr\u00fcchte, Kokosnuss, Pfirsich und Kakaobohnen verstr\u00f6men den Duft einer exotischen Insel, w\u00e4hrend Tahitibl\u00fcten, Ylang-Ylang-Rose und Iris f\u00fcr lebendige blumige Akzente sorgen. Vervollst\u00e4ndigen Sie diese bezaubernde Flucht mit Noten von Benzoe aus Siam, gemischt mit reichhaltigem Amber und wei\u00dfem Moschus, der vom Wind weggetrieben wird!  <\/span><\/p>\n<p><span style=\"font-weight: 400;\">Kaufen Sie jetzt Mancera Wild Candy bei Riklis Karto!<\/span><\/p>\n","protected":false},"featured_media":17139,"comment_status":"open","ping_status":"closed","template":"","meta":{"_acf_changed":false},"product_brand":[],"product_cat":[862,1685],"product_tag":[],"class_list":{"0":"post-15591","1":"product","2":"type-product","3":"status-publish","4":"has-post-thumbnail","6":"product_cat-nischen-parfum","7":"product_cat-mancera-parfum-de","8":"brand-mancera-parfum-de","10":"first","11":"instock","12":"purchasable","13":"product-type-variable","14":"has-default-attributes"},"acf":[],"yoast_head":"<!-- This site is optimized with the Yoast SEO plugin v25.9 - https:\/\/yoast.com\/wordpress\/plugins\/seo\/ -->\n<title>Mancera - Wildes Bonbon - Riklis Karto<\/title>\n<meta name=\"robots\" content=\"index, follow, max-snippet:-1, max-image-preview:large, max-video-preview:-1\" \/>\n<link rel=\"canonical\" href=\"https:\/\/rikliskarto.com\/de\/nischen-parfum\/mancera-parfum-de\/mancera-wildes-bonbon\/\" \/>\n<meta property=\"og:locale\" content=\"de_DE\" \/>\n<meta property=\"og:type\" content=\"article\" \/>\n<meta property=\"og:title\" content=\"Mancera - Wildes Bonbon - Riklis Karto\" \/>\n<meta property=\"og:description\" content=\"Entfliehen Sie dem Alltag und begeben Sie sich auf eine verlockende Reise mit Wild Candy von Mancera. Zitrusfr\u00fcchte, Kokosnuss, Pfirsich und Kakaobohnen verstr\u00f6men den Duft einer exotischen Insel, w\u00e4hrend Tahitibl\u00fcten, Ylang-Ylang-Rose und Iris f\u00fcr lebendige blumige Akzente sorgen. Vervollst\u00e4ndigen Sie diese bezaubernde Flucht mit Noten von Benzoe aus Siam, gemischt mit reichhaltigem Amber und wei\u00dfem Moschus, der vom Wind weggetrieben wird!  Kaufen Sie jetzt Mancera Wild Candy bei Riklis Karto!\" \/>\n<meta property=\"og:url\" content=\"https:\/\/rikliskarto.com\/de\/nischen-parfum\/mancera-parfum-de\/mancera-wildes-bonbon\/\" \/>\n<meta property=\"og:site_name\" content=\"Riklis Karto\" \/>\n<meta property=\"article:modified_time\" content=\"2025-06-12T09:50:00+00:00\" \/>\n<meta property=\"og:image\" content=\"https:\/\/rikliskarto.com\/wp-content\/uploads\/2024\/11\/Mancera-wild-candy-120.png\" \/>\n\t<meta property=\"og:image:width\" content=\"1000\" \/>\n\t<meta property=\"og:image:height\" content=\"1000\" \/>\n\t<meta property=\"og:image:type\" content=\"image\/webp\" \/>\n<meta name=\"twitter:card\" content=\"summary_large_image\" \/>\n<meta name=\"twitter:label1\" content=\"Gesch\u00e4tzte Lesezeit\" \/>\n\t<meta name=\"twitter:data1\" content=\"1\u00a0Minute\" \/>\n<script type=\"application\/ld+json\" class=\"yoast-schema-graph\">{\"@context\":\"https:\/\/schema.org\",\"@graph\":[{\"@type\":\"WebPage\",\"@id\":\"https:\/\/rikliskarto.com\/de\/nischen-parfum\/mancera-parfum-de\/mancera-wildes-bonbon\/\",\"url\":\"https:\/\/rikliskarto.com\/de\/nischen-parfum\/mancera-parfum-de\/mancera-wildes-bonbon\/\",\"name\":\"Mancera - Wildes Bonbon - Riklis Karto\",\"isPartOf\":{\"@id\":\"https:\/\/rikliskarto.com\/de\/#website\"},\"primaryImageOfPage\":{\"@id\":\"https:\/\/rikliskarto.com\/de\/nischen-parfum\/mancera-parfum-de\/mancera-wildes-bonbon\/#primaryimage\"},\"image\":{\"@id\":\"https:\/\/rikliskarto.com\/de\/nischen-parfum\/mancera-parfum-de\/mancera-wildes-bonbon\/#primaryimage\"},\"thumbnailUrl\":\"https:\/\/rikliskarto.com\/wp-content\/uploads\/2024\/11\/Mancera-wild-candy-120.png\",\"datePublished\":\"2022-09-28T18:55:14+00:00\",\"dateModified\":\"2025-06-12T09:50:00+00:00\",\"breadcrumb\":{\"@id\":\"https:\/\/rikliskarto.com\/de\/nischen-parfum\/mancera-parfum-de\/mancera-wildes-bonbon\/#breadcrumb\"},\"inLanguage\":\"de\",\"potentialAction\":[{\"@type\":\"ReadAction\",\"target\":[\"https:\/\/rikliskarto.com\/de\/nischen-parfum\/mancera-parfum-de\/mancera-wildes-bonbon\/\"]}]},{\"@type\":\"ImageObject\",\"inLanguage\":\"de\",\"@id\":\"https:\/\/rikliskarto.com\/de\/nischen-parfum\/mancera-parfum-de\/mancera-wildes-bonbon\/#primaryimage\",\"url\":\"https:\/\/rikliskarto.com\/wp-content\/uploads\/2024\/11\/Mancera-wild-candy-120.png\",\"contentUrl\":\"https:\/\/rikliskarto.com\/wp-content\/uploads\/2024\/11\/Mancera-wild-candy-120.png\",\"width\":1000,\"height\":1000},{\"@type\":\"BreadcrumbList\",\"@id\":\"https:\/\/rikliskarto.com\/de\/nischen-parfum\/mancera-parfum-de\/mancera-wildes-bonbon\/#breadcrumb\",\"itemListElement\":[{\"@type\":\"ListItem\",\"position\":1,\"name\":\"Home\",\"item\":\"https:\/\/rikliskarto.com\/de\/heim\/\"},{\"@type\":\"ListItem\",\"position\":2,\"name\":\"Priv\u00e9: Laden\",\"item\":\"https:\/\/rikliskarto.com\/de\/shop\/\"},{\"@type\":\"ListItem\",\"position\":3,\"name\":\"Mancera &#8211; Wildes Bonbon\"}]},{\"@type\":\"WebSite\",\"@id\":\"https:\/\/rikliskarto.com\/de\/#website\",\"url\":\"https:\/\/rikliskarto.com\/de\/\",\"name\":\"Riklis Karto\",\"description\":\"Ontdek de beste Niche Parfum &amp; Geurkaarsen.\",\"potentialAction\":[{\"@type\":\"SearchAction\",\"target\":{\"@type\":\"EntryPoint\",\"urlTemplate\":\"https:\/\/rikliskarto.com\/de\/?s={search_term_string}\"},\"query-input\":{\"@type\":\"PropertyValueSpecification\",\"valueRequired\":true,\"valueName\":\"search_term_string\"}}],\"inLanguage\":\"de\"}]}<\/script>\n<!-- \/ Yoast SEO plugin. -->","yoast_head_json":{"title":"Mancera - Wildes Bonbon - Riklis Karto","robots":{"index":"index","follow":"follow","max-snippet":"max-snippet:-1","max-image-preview":"max-image-preview:large","max-video-preview":"max-video-preview:-1"},"canonical":"https:\/\/rikliskarto.com\/de\/nischen-parfum\/mancera-parfum-de\/mancera-wildes-bonbon\/","og_locale":"de_DE","og_type":"article","og_title":"Mancera - Wildes Bonbon - Riklis Karto","og_description":"Entfliehen Sie dem Alltag und begeben Sie sich auf eine verlockende Reise mit Wild Candy von Mancera. Zitrusfr\u00fcchte, Kokosnuss, Pfirsich und Kakaobohnen verstr\u00f6men den Duft einer exotischen Insel, w\u00e4hrend Tahitibl\u00fcten, Ylang-Ylang-Rose und Iris f\u00fcr lebendige blumige Akzente sorgen. Vervollst\u00e4ndigen Sie diese bezaubernde Flucht mit Noten von Benzoe aus Siam, gemischt mit reichhaltigem Amber und wei\u00dfem Moschus, der vom Wind weggetrieben wird!  Kaufen Sie jetzt Mancera Wild Candy bei Riklis Karto!","og_url":"https:\/\/rikliskarto.com\/de\/nischen-parfum\/mancera-parfum-de\/mancera-wildes-bonbon\/","og_site_name":"Riklis Karto","article_modified_time":"2025-06-12T09:50:00+00:00","og_image":[{"width":1000,"height":1000,"url":"https:\/\/rikliskarto.com\/wp-content\/uploads\/2024\/11\/Mancera-wild-candy-120.png","type":"image\/webp"}],"twitter_card":"summary_large_image","twitter_misc":{"Gesch\u00e4tzte Lesezeit":"1\u00a0Minute"},"schema":{"@context":"https:\/\/schema.org","@graph":[{"@type":"WebPage","@id":"https:\/\/rikliskarto.com\/de\/nischen-parfum\/mancera-parfum-de\/mancera-wildes-bonbon\/","url":"https:\/\/rikliskarto.com\/de\/nischen-parfum\/mancera-parfum-de\/mancera-wildes-bonbon\/","name":"Mancera - Wildes Bonbon - Riklis Karto","isPartOf":{"@id":"https:\/\/rikliskarto.com\/de\/#website"},"primaryImageOfPage":{"@id":"https:\/\/rikliskarto.com\/de\/nischen-parfum\/mancera-parfum-de\/mancera-wildes-bonbon\/#primaryimage"},"image":{"@id":"https:\/\/rikliskarto.com\/de\/nischen-parfum\/mancera-parfum-de\/mancera-wildes-bonbon\/#primaryimage"},"thumbnailUrl":"https:\/\/rikliskarto.com\/wp-content\/uploads\/2024\/11\/Mancera-wild-candy-120.png","datePublished":"2022-09-28T18:55:14+00:00","dateModified":"2025-06-12T09:50:00+00:00","breadcrumb":{"@id":"https:\/\/rikliskarto.com\/de\/nischen-parfum\/mancera-parfum-de\/mancera-wildes-bonbon\/#breadcrumb"},"inLanguage":"de","potentialAction":[{"@type":"ReadAction","target":["https:\/\/rikliskarto.com\/de\/nischen-parfum\/mancera-parfum-de\/mancera-wildes-bonbon\/"]}]},{"@type":"ImageObject","inLanguage":"de","@id":"https:\/\/rikliskarto.com\/de\/nischen-parfum\/mancera-parfum-de\/mancera-wildes-bonbon\/#primaryimage","url":"https:\/\/rikliskarto.com\/wp-content\/uploads\/2024\/11\/Mancera-wild-candy-120.png","contentUrl":"https:\/\/rikliskarto.com\/wp-content\/uploads\/2024\/11\/Mancera-wild-candy-120.png","width":1000,"height":1000},{"@type":"BreadcrumbList","@id":"https:\/\/rikliskarto.com\/de\/nischen-parfum\/mancera-parfum-de\/mancera-wildes-bonbon\/#breadcrumb","itemListElement":[{"@type":"ListItem","position":1,"name":"Home","item":"https:\/\/rikliskarto.com\/de\/heim\/"},{"@type":"ListItem","position":2,"name":"Priv\u00e9: Laden","item":"https:\/\/rikliskarto.com\/de\/shop\/"},{"@type":"ListItem","position":3,"name":"Mancera &#8211; Wildes Bonbon"}]},{"@type":"WebSite","@id":"https:\/\/rikliskarto.com\/de\/#website","url":"https:\/\/rikliskarto.com\/de\/","name":"Riklis Karto","description":"Ontdek de beste Niche Parfum &amp; Geurkaarsen.","potentialAction":[{"@type":"SearchAction","target":{"@type":"EntryPoint","urlTemplate":"https:\/\/rikliskarto.com\/de\/?s={search_term_string}"},"query-input":{"@type":"PropertyValueSpecification","valueRequired":true,"valueName":"search_term_string"}}],"inLanguage":"de"}]}},"_links":{"self":[{"href":"https:\/\/rikliskarto.com\/de\/wp-json\/wp\/v2\/product\/15591","targetHints":{"allow":["GET"]}}],"collection":[{"href":"https:\/\/rikliskarto.com\/de\/wp-json\/wp\/v2\/product"}],"about":[{"href":"https:\/\/rikliskarto.com\/de\/wp-json\/wp\/v2\/types\/product"}],"replies":[{"embeddable":true,"href":"https:\/\/rikliskarto.com\/de\/wp-json\/wp\/v2\/comments?post=15591"}],"wp:featuredmedia":[{"embeddable":true,"href":"https:\/\/rikliskarto.com\/de\/wp-json\/wp\/v2\/media\/17139"}],"wp:attachment":[{"href":"https:\/\/rikliskarto.com\/de\/wp-json\/wp\/v2\/media?parent=15591"}],"wp:term":[{"taxonomy":"product_brand","embeddable":true,"href":"https:\/\/rikliskarto.com\/de\/wp-json\/wp\/v2\/product_brand?post=15591"},{"taxonomy":"product_cat","embeddable":true,"href":"https:\/\/rikliskarto.com\/de\/wp-json\/wp\/v2\/product_cat?post=15591"},{"taxonomy":"product_tag","embeddable":true,"href":"https:\/\/rikliskarto.com\/de\/wp-json\/wp\/v2\/product_tag?post=15591"}],"curies":[{"name":"wp","href":"https:\/\/api.w.org\/{rel}","templated":true}]}}