{"id":15428,"date":"2024-11-25T10:22:31","date_gmt":"2024-11-25T09:22:31","guid":{"rendered":"https:\/\/rikliskarto.com\/ghidini-1961\/"},"modified":"2025-02-13T13:51:17","modified_gmt":"2025-02-13T12:51:17","slug":"ghidini-1961","status":"publish","type":"page","link":"https:\/\/rikliskarto.com\/de\/ghidini-1961\/","title":{"rendered":"Ghidini 1961"},"content":{"rendered":"<section class=\"section is-wysiwyg bg-default text-default lg\" id=\"\">\n        <div class=\"container-fluid is-custom\">\n            <div class=\"section__content\">\n            \n<div class=\"entry-content\">\n    <p>Ghidini ist eine besondere Marke, die zu den exklusivsten Marken Italiens geh\u00f6rt. Die Marke wurde in Villa Carcina in der Provinz Brescia geboren. Dank seiner beispiellosen Fertigungsf\u00e4higkeiten ist eine sch\u00f6ne Marke entstanden. Nachfolgend finden Sie eine Reihe von Produkten aus unserem Sortiment der beliebten Marke. Nachfolgend finden Sie eine \u00dcbersicht mit Informationen \u00fcber die italienische Marke.    <\/p>\n<h2>Gr\u00fcndung von Ghidini 1961<\/h2>\n<p>Ghidini hat seinen Ursprung in Villa Carcina, einer kleinen Gemeinde mit etwa 10.000 Einwohnern. Sie liegt in der Provinz Brescia in Italien und hat etwa 4.000 Haushalte. Obwohl es sich nur um eine kleine Gemeinde handelt, hat sie eine sehr reiche Geschichte. Ghidini ist eine ganz besondere Marke, die von hier kommt. In Italien ist die Gemeinde relativ bekannt: Schlie\u00dflich ist sie der Ort, aus dem diese besondere Marke stammt.    <\/p>\n<p>Ghidini Bosco, der Gr\u00fcnder der Marke, wurde hier geboren. Als Spezialist f\u00fcr den Spritzguss von Messing, Aluminium und Zamak zeichnet sich das Unternehmen aus. Zu dieser Zeit standen bereits fortschrittliche Techniken zur Verf\u00fcgung, mit denen das Unternehmen viel Geld verdienen konnte. Das Sortiment reichte von Beleuchtungsk\u00f6rpern \u00fcber M\u00f6belst\u00fccke bis hin zu Dekorationsgegenst\u00e4nden. Seit mehr als 50 Jahren unterh\u00e4lt die Marke enge Beziehungen zu internationalen Architekten, wodurch echte Sonderanfertigungen entstehen konnten. Es ist eine gute Mischung aus klassischen und zeitgen\u00f6ssischen Kunstgegenst\u00e4nden entstanden.     <\/p>\n<h2>Liebe zum Detail<\/h2>\n<p>Die Marke hat einen wichtigen Punkt: Der gesamte Produktionsprozess findet intern statt und zeichnet sich durch ein wichtiges Element aus. Es wird viel Wert auf Details gelegt. Es beginnt mit einer Idee und endet mit einem fertigen Produkt. Dabei wird jedes Thema ber\u00fccksichtigt: von der Bearbeitung bis zum Bohren, von der Satinierung bis zum Sandstrahlen und Polieren. Alles in allem ergab dies eine starke Marke mit Liebe zum Detail.    <\/p>\n<h2>Einzigartiges Design<\/h2>\n<p>Die Produkte sind alle mit einem einzigartigen Design versehen. Es wird viel Wert auf Innovation gelegt, aber gleichzeitig wird auch ein starker Fokus auf die klassischen und verspielten Farbt\u00f6ne gelegt. Auf diese Weise haben Sie als Verbraucher nicht nur ein zeitgem\u00e4\u00dfes Design, sondern auch eine raffinierte Disziplin. Die umfangreiche Sammlung von Ghidini enth\u00e4lt nicht nur sch\u00f6ne Kunstwerke, sondern auch praktische Objekte. Die fein gearbeiteten Tischaccessoires sind eine Augenweide. Jeder kann die Detailversessenheit der beliebten italienischen Marke auf einen Blick erkennen. Es ist wundersch\u00f6n verarbeitet!      <\/p>\n<h2>F\u00fcr jedes Interieur<\/h2>\n<p>Die sch\u00f6nen Teile eignen sich grunds\u00e4tzlich f\u00fcr jedes Interieur: unabh\u00e4ngig von Ihrem Stil. Es kann ein <em>letzter Schliff<\/em> f\u00fcr jeden Haushalt sein. Eine sch\u00f6ne Sch\u00fcssel auf dem K\u00fcchentisch oder ein sch\u00f6nes Design im Wohnzimmer. Es gibt auch viel Prestige f\u00fcr Unternehmen: sch\u00f6ne Elemente, die Mitarbeiter und Kunden herzlich willkommen hei\u00dfen.   <\/p>\n<h2>In verschiedenen Preisklassen<\/h2>\n<p>Ghidini 1961 ist in sehr unterschiedlichen Preisklassen erh\u00e4ltlich. So kannst du zum Beispiel einige Artikel ab 120 Euro bestellen, aber es gibt auch einige teurere Produkte der italienischen Marke. In unserem Webshop finden Sie eine sehr gro\u00dfe Auswahl der Marke. Die verschiedenen Produkte in unserem Webshop sind alle (begrenzt) auf Lager und werden auch schnell zu Ihnen nach Hause geliefert.   <\/p>\n<h2>Verkaufsstellen Ghidini<\/h2>\n<p>In den Niederlanden gibt es nur eine begrenzte Anzahl von Verkaufsstellen. Wir sind stolz darauf, Ihnen mitteilen zu k\u00f6nnen, dass wir eine dieser Verkaufsstellen sind. Das Sortiment besteht aus zahlreichen Produkten der Marke. Kontaktieren Sie uns zum Beispiel f\u00fcr sch\u00f6ne Schalen, aber auch f\u00fcr Schmuckk\u00e4stchen oder Salz- und Pfefferstreuer.   <\/p>\n<h2>Ghidini 1961 online bestellen<\/h2>\n<p>Bei Rikliskarto.com finden Sie eine gro\u00dfe Auswahl der italienischen Marke Ghidini. Alle Artikel der beliebten Marke k\u00f6nnen ganz einfach online bestellt werden.  Die Versandkosten f\u00fcr unsere Produkte betragen nur 3,95 \u20ac. Bestellen Sie f\u00fcr mehr als 100 Euro? Dann versenden wir die Artikel komplett <strong>kostenlos<\/strong>! Wir tun unser Bestes, um die Artikel innerhalb von ein bis zwei Werktagen zu Ihnen nach Hause zu liefern. Sie k\u00f6nnen Track &amp; Trace bei jeder Bestellung nutzen. Diese praktische Option sorgt daf\u00fcr, dass Sie immer den \u00dcberblick \u00fcber Ihre Bestellung behalten.<\/p>\n<h2>Warum Ghidini Interieur bei Rikliskarto.com kaufen?<\/h2>\n<p>Der Kauf von Ghidini-Interieur ist eine unglaublich reiche Investition. Die sch\u00f6nen Produkte sind einzigartig und nicht viele Menschen k\u00f6nnen von sich behaupten, sie zu Hause zu haben. Sie k\u00f6nnen diese Artikel ganz einfach \u00fcber unseren Webshop bestellen. Wir haben einen blitzschnellen Versand und haben die Produkte aus unserem Webshop auf Lager. Die Lieferzeit betr\u00e4gt daher ein bis zwei Werktage. Wenn Sie unser Ladengesch\u00e4ft besuchen m\u00f6chten, ist das nat\u00fcrlich auch m\u00f6glich. In Hoogezand, in der Provinz Groningen, befinden wir uns in der Kerkstraat 199, Postleitzahl 9601 AE.<\/p>\n<h2>Bestellen Sie zu einem sp\u00e4teren Zeitpunkt ein exklusives Produkt?<\/h2>\n<p>In unserem sch\u00f6nen Webshop haben wir auch eine praktische Funktion: die Wunschliste. Sie k\u00f6nnen die Artikel im Webshop mit &#8222;Gef\u00e4llt mir&#8220; markieren. So k\u00f6nnen Sie zum Beispiel verschiedene Artikel von Ghidini auf den Merkzettel setzen. \u00dcber das Men\u00fc gelangen Sie dann zur Wunschliste. Hier sehen Sie, welche italienischen Produkte (oder eventuell unsere Parfums) gerade drin sind. Sie k\u00f6nnen auch sofort sehen, welche Artikel im Webshop gerade vorr\u00e4tig sind. M\u00f6chten Sie diese Artikel zu einem sp\u00e4teren Zeitpunkt bestellen? Das ist immer m\u00f6glich! Es wurden Schaltfl\u00e4chen hinzugef\u00fcgt, \u00fcber die Sie Ihre Artikel direkt in den Warenkorb legen k\u00f6nnen. Das funktioniert ganz einfach.<\/p>\n<h2>Ben\u00f6tigen Sie Hilfe bei der Auswahl?<\/h2>\n<p>Sie m\u00f6chten diese kostbaren St\u00fccke von Ghidini bei uns bestellen, ben\u00f6tigen aber noch Hilfe bei der Auswahl? Senden Sie uns gerne eine Nachricht \u00fcber das Kontaktformular auf unserer <a href=\"https:\/\/www.rikliskarto.com\/contact\/\">Kontaktseite<\/a>. An Wochentagen, an Werktagen sind wir von 09:00 bis 17:00 Uhr f\u00fcr Sie da und helfen Ihnen gerne bei all Ihren Fragen. Senden Sie Ihre Frage (oder Fragen) vorzugsweise immer so spezifisch wie m\u00f6glich, damit wir Ihnen eine detaillierte Antwort geben k\u00f6nnen. Wir w\u00fcrden uns nat\u00fcrlich freuen, von Ihnen zu h\u00f6ren. Werfen Sie auch einen Blick auf unsere h\u00e4ufig gestellten Fragen. Vielleicht sind Ihre Frage und Antwort hier bereits aufgef\u00fchrt: Dann haben Sie sofort eine Antwort und k\u00f6nnen auf Rikliskarto.com weiter einkaufen.<\/p>\n<\/div>    <\/div>\n    <\/div>\n    <\/section>","protected":false},"excerpt":{"rendered":"","protected":false},"author":2,"featured_media":0,"parent":0,"menu_order":0,"comment_status":"closed","ping_status":"closed","template":"","meta":{"_acf_changed":false,"footnotes":""},"class_list":["post-15428","page","type-page","status-publish","hentry"],"acf":[],"yoast_head":"<!-- This site is optimized with the Yoast SEO plugin v25.9 - https:\/\/yoast.com\/wordpress\/plugins\/seo\/ -->\n<title>Ghidini 1961 - Riklis Karto<\/title>\n<meta name=\"robots\" content=\"index, follow, max-snippet:-1, max-image-preview:large, max-video-preview:-1\" \/>\n<link rel=\"canonical\" href=\"https:\/\/rikliskarto.com\/de\/ghidini-1961\/\" \/>\n<meta property=\"og:locale\" content=\"de_DE\" \/>\n<meta property=\"og:type\" content=\"article\" \/>\n<meta property=\"og:title\" content=\"Ghidini 1961 - Riklis Karto\" \/>\n<meta property=\"og:url\" content=\"https:\/\/rikliskarto.com\/de\/ghidini-1961\/\" \/>\n<meta property=\"og:site_name\" content=\"Riklis Karto\" \/>\n<meta property=\"article:modified_time\" content=\"2025-02-13T12:51:17+00:00\" \/>\n<meta property=\"og:image\" content=\"https:\/\/rikliskarto.com\/wp-content\/uploads\/2024\/10\/rikliskarto.png\" \/>\n\t<meta property=\"og:image:width\" content=\"2039\" \/>\n\t<meta property=\"og:image:height\" content=\"1920\" \/>\n\t<meta property=\"og:image:type\" content=\"image\/png\" \/>\n<meta name=\"twitter:card\" content=\"summary_large_image\" \/>\n<script type=\"application\/ld+json\" class=\"yoast-schema-graph\">{\"@context\":\"https:\/\/schema.org\",\"@graph\":[{\"@type\":\"WebPage\",\"@id\":\"https:\/\/rikliskarto.com\/de\/ghidini-1961\/\",\"url\":\"https:\/\/rikliskarto.com\/de\/ghidini-1961\/\",\"name\":\"Ghidini 1961 - Riklis Karto\",\"isPartOf\":{\"@id\":\"https:\/\/rikliskarto.com\/de\/#website\"},\"datePublished\":\"2024-11-25T09:22:31+00:00\",\"dateModified\":\"2025-02-13T12:51:17+00:00\",\"breadcrumb\":{\"@id\":\"https:\/\/rikliskarto.com\/de\/ghidini-1961\/#breadcrumb\"},\"inLanguage\":\"de\",\"potentialAction\":[{\"@type\":\"ReadAction\",\"target\":[\"https:\/\/rikliskarto.com\/de\/ghidini-1961\/\"]}]},{\"@type\":\"BreadcrumbList\",\"@id\":\"https:\/\/rikliskarto.com\/de\/ghidini-1961\/#breadcrumb\",\"itemListElement\":[{\"@type\":\"ListItem\",\"position\":1,\"name\":\"Home\",\"item\":\"https:\/\/rikliskarto.com\/de\/heim\/\"},{\"@type\":\"ListItem\",\"position\":2,\"name\":\"Ghidini 1961\"}]},{\"@type\":\"WebSite\",\"@id\":\"https:\/\/rikliskarto.com\/de\/#website\",\"url\":\"https:\/\/rikliskarto.com\/de\/\",\"name\":\"Riklis Karto\",\"description\":\"Ontdek de beste Niche Parfum &amp; Geurkaarsen.\",\"potentialAction\":[{\"@type\":\"SearchAction\",\"target\":{\"@type\":\"EntryPoint\",\"urlTemplate\":\"https:\/\/rikliskarto.com\/de\/?s={search_term_string}\"},\"query-input\":{\"@type\":\"PropertyValueSpecification\",\"valueRequired\":true,\"valueName\":\"search_term_string\"}}],\"inLanguage\":\"de\"}]}<\/script>\n<!-- \/ Yoast SEO plugin. -->","yoast_head_json":{"title":"Ghidini 1961 - Riklis Karto","robots":{"index":"index","follow":"follow","max-snippet":"max-snippet:-1","max-image-preview":"max-image-preview:large","max-video-preview":"max-video-preview:-1"},"canonical":"https:\/\/rikliskarto.com\/de\/ghidini-1961\/","og_locale":"de_DE","og_type":"article","og_title":"Ghidini 1961 - Riklis Karto","og_url":"https:\/\/rikliskarto.com\/de\/ghidini-1961\/","og_site_name":"Riklis Karto","article_modified_time":"2025-02-13T12:51:17+00:00","og_image":[{"width":2039,"height":1920,"url":"https:\/\/rikliskarto.com\/wp-content\/uploads\/2024\/10\/rikliskarto.png","type":"image\/png"}],"twitter_card":"summary_large_image","schema":{"@context":"https:\/\/schema.org","@graph":[{"@type":"WebPage","@id":"https:\/\/rikliskarto.com\/de\/ghidini-1961\/","url":"https:\/\/rikliskarto.com\/de\/ghidini-1961\/","name":"Ghidini 1961 - Riklis Karto","isPartOf":{"@id":"https:\/\/rikliskarto.com\/de\/#website"},"datePublished":"2024-11-25T09:22:31+00:00","dateModified":"2025-02-13T12:51:17+00:00","breadcrumb":{"@id":"https:\/\/rikliskarto.com\/de\/ghidini-1961\/#breadcrumb"},"inLanguage":"de","potentialAction":[{"@type":"ReadAction","target":["https:\/\/rikliskarto.com\/de\/ghidini-1961\/"]}]},{"@type":"BreadcrumbList","@id":"https:\/\/rikliskarto.com\/de\/ghidini-1961\/#breadcrumb","itemListElement":[{"@type":"ListItem","position":1,"name":"Home","item":"https:\/\/rikliskarto.com\/de\/heim\/"},{"@type":"ListItem","position":2,"name":"Ghidini 1961"}]},{"@type":"WebSite","@id":"https:\/\/rikliskarto.com\/de\/#website","url":"https:\/\/rikliskarto.com\/de\/","name":"Riklis Karto","description":"Ontdek de beste Niche Parfum &amp; Geurkaarsen.","potentialAction":[{"@type":"SearchAction","target":{"@type":"EntryPoint","urlTemplate":"https:\/\/rikliskarto.com\/de\/?s={search_term_string}"},"query-input":{"@type":"PropertyValueSpecification","valueRequired":true,"valueName":"search_term_string"}}],"inLanguage":"de"}]}},"_links":{"self":[{"href":"https:\/\/rikliskarto.com\/de\/wp-json\/wp\/v2\/pages\/15428","targetHints":{"allow":["GET"]}}],"collection":[{"href":"https:\/\/rikliskarto.com\/de\/wp-json\/wp\/v2\/pages"}],"about":[{"href":"https:\/\/rikliskarto.com\/de\/wp-json\/wp\/v2\/types\/page"}],"author":[{"embeddable":true,"href":"https:\/\/rikliskarto.com\/de\/wp-json\/wp\/v2\/users\/2"}],"replies":[{"embeddable":true,"href":"https:\/\/rikliskarto.com\/de\/wp-json\/wp\/v2\/comments?post=15428"}],"version-history":[{"count":2,"href":"https:\/\/rikliskarto.com\/de\/wp-json\/wp\/v2\/pages\/15428\/revisions"}],"predecessor-version":[{"id":15437,"href":"https:\/\/rikliskarto.com\/de\/wp-json\/wp\/v2\/pages\/15428\/revisions\/15437"}],"wp:attachment":[{"href":"https:\/\/rikliskarto.com\/de\/wp-json\/wp\/v2\/media?parent=15428"}],"curies":[{"name":"wp","href":"https:\/\/api.w.org\/{rel}","templated":true}]}}