{"id":15386,"date":"2024-08-05T16:16:13","date_gmt":"2024-08-05T14:16:13","guid":{"rendered":"https:\/\/rikliskarto.com\/ueber-uns\/"},"modified":"2025-05-26T15:25:42","modified_gmt":"2025-05-26T13:25:42","slug":"ueber-uns","status":"publish","type":"page","link":"https:\/\/rikliskarto.com\/de\/ueber-uns\/","title":{"rendered":"\u00dcber uns"},"content":{"rendered":"<section class=\"section is-intro bg-default text-white\" id=\"\">\n        <div class=\"container-fluid p-0 is-full\">\n            <div class=\"section__content\">\n            \n    <div class=\"intro\">\n        <div class=\"intro__background\">\n            <img decoding=\"async\" class=\"\" src=\"https:\/\/rikliskarto.com\/wp-content\/uploads\/2024\/10\/about-riklis.png\" srcset=\"https:\/\/rikliskarto.com\/wp-content\/uploads\/2024\/10\/about-riklis.png 2500w, https:\/\/rikliskarto.com\/wp-content\/uploads\/2024\/10\/about-riklis-300x167.png 300w, https:\/\/rikliskarto.com\/wp-content\/uploads\/2024\/10\/about-riklis-1024x571.png 1024w, https:\/\/rikliskarto.com\/wp-content\/uploads\/2024\/10\/about-riklis-768x428.png 768w, https:\/\/rikliskarto.com\/wp-content\/uploads\/2024\/10\/about-riklis-1536x856.png 1536w, https:\/\/rikliskarto.com\/wp-content\/uploads\/2024\/10\/about-riklis-2048x1141.png 2048w, https:\/\/rikliskarto.com\/wp-content\/uploads\/2024\/10\/about-riklis-1000x557.png 1000w\" sizes=\"(max-width: 2000px) 100vw, 2000px\" alt=\"ES VERK\u00d6RPERN\" loading=\"lazy\" >        <\/div>\n        <div class=\"intro__content\">\n            <div class=\"text-center mx-auto text-uppercase\">\n                <h1 class=\"text-white\">ES VERK\u00d6RPERN<\/h1>\n            <\/div>\n        <\/div>\n    <\/div>\n    <\/div>\n    <\/div>\n    <\/section><section class=\"section is-title-and-text bg-default has-vector is-riklis-karto bg-gray-100 text-default lg\" id=\"\">\n        <div class=\"container-fluid is-custom\">\n            <div class=\"section__content\">\n                <div class=\"title-and-text\">\n        <div class=\"row g-3\">\n            <div class=\"col-12 col-lg-6\">\n                <div class=\"block\">\n                    <div class=\"block__header\">\n                        <h2 class=\"block__title text-uppercase has-max-width-600  \">WENN DU ES TR\u00c4UMEN KANNST, KANNST DU ES WAHR WERDEN LASSEN.<\/h2>\n                    <\/div>\n                                            <div class=\"block__content\">\n                            <div class=\"buttons-container\"><a href=\"https:\/\/rikliskarto.com\/de\/nischen-parfum\/\" target=\"\" title=\"Shop de collectie\" class=\"btn is-rounded is-outline has-arrow\">Shop de collectie<span class=\"saam-icon \" name=\"arrow_right\">  <span class=\"saam-icon__inner\"><svg xmlns=\"http:\/\/www.w3.org\/2000\/svg\" width=\"17.752\" height=\"11.243\" viewBox=\"0 0 17.752 11.243\" style=\"stroke-width: 0px\">\n  <path id=\"Path_16726\" data-name=\"Path 16726\" d=\"M17.752,5.621a.687.687,0,0,0-.167-.407L12.851.184a.593.593,0,0,0-.837-.023A.61.61,0,0,0,11.991,1l3.8,4.031H.592a.592.592,0,0,0,0,1.183h15.2l-3.8,4.031a.62.62,0,0,0,.023.837.593.593,0,0,0,.837-.023l4.734-5.03A.526.526,0,0,0,17.752,5.621Z\" transform=\"translate(0 0)\" fill=\"#fff\"\/>\n<\/svg>\n  <\/span><\/span><\/a><\/div>                        <\/div>\n                                    <\/div>\n            <\/div>\n            <div class=\"col-12 col-lg-6\">\n                <div class=\"entry-content lead\">\n                    <div class=\"d-flex flex-wrap has-vector is-black is-rk-small position-relative text-uppercase has-max-width-500\">\n                        <p>Tauchen Sie ein in die Welt der Nischenparf\u00fcms und exklusiven D\u00fcfte, in der Qualit\u00e4t und Handwerkskunst in jedem Flakon und jeder Kerze zusammenkommen.<\/p>\n                    <\/div>\n                <\/div>\n            <\/div>\n        <\/div>\n    <\/div>\n    <\/div>\n    <\/div>\n    <\/section><section class=\"section is-history bg-gray-200 overflow-hidden text-default lg\" id=\"\">\n        <div class=\"container-fluid is-custom\">\n            <div class=\"section__content\">\n            \n    <div class=\"history\">\n        <div class=\"block\">\n                            <div class=\"block__header\">\n                    <div class=\"block\">\n                        <div class=\"block__header\">\n                            <h2 class=\"block__title text-uppercase\">\n                                Wie alles begann                            <\/h2>\n                        <\/div>\n                        <div class=\"block__content entry-content has-max-width-500\">\n                            <p>Riklis Karto steht f\u00fcr Luxus, Raffinesse und pures Erlebnis. Wir bieten ein sorgf\u00e4ltig ausgew\u00e4hltes Sortiment an exklusiven Parfums und Duftkerzen. <\/p>\n                        <\/div>\n                    <\/div>\n                <\/div>\n                        <div class=\"block__content mt-3\">\n                <div class=\"swiper-outside-nav position-relative\">\n                    <div class=\"swiper is-history\" data-id=\"d61869dc-4285-49db-accc-16a96c9bf718\">\n                        <div class=\"swiper-wrapper\">\n                                                                                                <div class=\"swiper-slide\">\n                                        <div class=\"block\">\n                                            <div class=\"photo-block\">\n                                                <img decoding=\"async\" class=\"photo-block__img\" src=\"https:\/\/rikliskarto.com\/wp-content\/uploads\/2024\/11\/riklisgroningen.png\" srcset=\"https:\/\/rikliskarto.com\/wp-content\/uploads\/2024\/11\/riklisgroningen.png 1192w, https:\/\/rikliskarto.com\/wp-content\/uploads\/2024\/11\/riklisgroningen-300x183.png 300w, https:\/\/rikliskarto.com\/wp-content\/uploads\/2024\/11\/riklisgroningen-1024x625.png 1024w, https:\/\/rikliskarto.com\/wp-content\/uploads\/2024\/11\/riklisgroningen-768x469.png 768w, https:\/\/rikliskarto.com\/wp-content\/uploads\/2024\/11\/riklisgroningen-1000x611.png 1000w\" sizes=\"(max-width: 2000px) 100vw, 2000px\" alt=\"START RIKLIS KARTO GRONINGEN\" loading=\"lazy\" >                                            <\/div>\n                                            <div class=\"block__header mt-3\">\n                                                <div class=\"text-gray-900 text-uppercase\">\n                                                    AUGUST, 2012                                                <\/div>\n                                            <\/div>\n                                            <div class=\"block__content text-uppercase\">\n                                                <h5>START RIKLIS KARTO GRONINGEN<\/h5>\n                                            <\/div>\n                                            <div class=\"block__footer text-gray-800\">\n                                                <p>Im August 2012 er\u00f6ffnete Riklis seinen ersten Barbershop in Groningen, zun\u00e4chst als Einzelunternehmen. Groningen erkannte ihn bald als fortschrittlichen und modernen Haarmagier. <\/p>\n                                            <\/div>\n                                        <\/div>\n                                    <\/div>\n                                                                                                                                <div class=\"swiper-slide\">\n                                        <div class=\"block\">\n                                            <div class=\"photo-block\">\n                                                <img decoding=\"async\" class=\"photo-block__img\" src=\"https:\/\/rikliskarto.com\/wp-content\/uploads\/2024\/11\/salonexpension.png\" srcset=\"https:\/\/rikliskarto.com\/wp-content\/uploads\/2024\/11\/salonexpension.png 1192w, https:\/\/rikliskarto.com\/wp-content\/uploads\/2024\/11\/salonexpension-300x183.png 300w, https:\/\/rikliskarto.com\/wp-content\/uploads\/2024\/11\/salonexpension-1024x625.png 1024w, https:\/\/rikliskarto.com\/wp-content\/uploads\/2024\/11\/salonexpension-768x469.png 768w, https:\/\/rikliskarto.com\/wp-content\/uploads\/2024\/11\/salonexpension-1000x611.png 1000w\" sizes=\"(max-width: 2000px) 100vw, 2000px\" alt=\"Erweiterung des Salons und des Teams\" loading=\"lazy\" >                                            <\/div>\n                                            <div class=\"block__header mt-3\">\n                                                <div class=\"text-gray-900 text-uppercase\">\n                                                    MAI 2013                                                <\/div>\n                                            <\/div>\n                                            <div class=\"block__content text-uppercase\">\n                                                <h5>Erweiterung des Salons und des Teams<\/h5>\n                                            <\/div>\n                                            <div class=\"block__footer text-gray-800\">\n                                                <p>Was als Ein-Mann-Betrieb begann, entwickelte sich schnell zu einem erfolgreichen Unternehmen. Mit der steigenden Nachfrage war es an der Zeit, sowohl den Salon als auch das Team zu erweitern. Neue Sitze, mehr Platz und talentierte Kollegen machten es nun m\u00f6glich, noch mehr Kunden einen frischen Look zu bieten.  <\/p>\n                                            <\/div>\n                                        <\/div>\n                                    <\/div>\n                                                                                                                                <div class=\"swiper-slide\">\n                                        <div class=\"block\">\n                                            <div class=\"photo-block\">\n                                                <img decoding=\"async\" class=\"photo-block__img\" src=\"https:\/\/rikliskarto.com\/wp-content\/uploads\/2024\/11\/rikliszwolle.png\" srcset=\"https:\/\/rikliskarto.com\/wp-content\/uploads\/2024\/11\/rikliszwolle.png 1192w, https:\/\/rikliskarto.com\/wp-content\/uploads\/2024\/11\/rikliszwolle-300x183.png 300w, https:\/\/rikliskarto.com\/wp-content\/uploads\/2024\/11\/rikliszwolle-1024x625.png 1024w, https:\/\/rikliskarto.com\/wp-content\/uploads\/2024\/11\/rikliszwolle-768x469.png 768w, https:\/\/rikliskarto.com\/wp-content\/uploads\/2024\/11\/rikliszwolle-1000x611.png 1000w\" sizes=\"(max-width: 2000px) 100vw, 2000px\" alt=\"Neuer Standort in Zwolle\" loading=\"lazy\" >                                            <\/div>\n                                            <div class=\"block__header mt-3\">\n                                                <div class=\"text-gray-900 text-uppercase\">\n                                                    September, 2023                                                <\/div>\n                                            <\/div>\n                                            <div class=\"block__content text-uppercase\">\n                                                <h5>Neuer Standort in Zwolle<\/h5>\n                                            <\/div>\n                                            <div class=\"block__footer text-gray-800\">\n                                                <p>Nach dem Erfolg in Groningen gehen wir den n\u00e4chsten Schritt: eine neue Niederlassung in Zwolle! Mit der gleichen Leidenschaft f\u00fcr Stil und Qualit\u00e4t brachten wir nun auch unsere einzigartige Erfahrung nach Zwolle. Ein frischer Standort, ein neues Team, aber mit dem gleichen Fokus auf Handwerkskunst und pers\u00f6nlichen Service.  <\/p>\n                                            <\/div>\n                                        <\/div>\n                                    <\/div>\n                                                                                    <\/div>\n                    <\/div>\n                <\/div>\n            <\/div>\n            <div class=\"block__footer\">\n                <div class=\"swiper__pagination__wrapper\">\n                    <div class=\"swiper-button-prev id-d61869dc-4285-49db-accc-16a96c9bf718\"><span class=\"saam-icon \" name=\"arrow-back-outline\">  <span class=\"saam-icon__inner\"><svg xmlns=\"http:\/\/www.w3.org\/2000\/svg\" width=\"512\" height=\"512\" viewBox=\"0 0 512 512\"><polyline points=\"244 400 100 256 244 112\" style=\"fill:none;;stroke-linecap:round;stroke-linejoin:round;stroke-width:48px\"\/><line x1=\"120\" y1=\"256\" x2=\"412\" y2=\"256\" style=\"fill:none;;stroke-linecap:round;stroke-linejoin:round;stroke-width:48px\"\/><\/svg>  <\/span><\/span><\/div>\n                    <div class=\"swiper-pagination id-d61869dc-4285-49db-accc-16a96c9bf718\"><\/div>\n                    <div class=\"swiper-button-next id-d61869dc-4285-49db-accc-16a96c9bf718\"><span class=\"saam-icon \" name=\"arrow-forward-outline\">  <span class=\"saam-icon__inner\"><svg xmlns=\"http:\/\/www.w3.org\/2000\/svg\" width=\"512\" height=\"512\" viewBox=\"0 0 512 512\"><polyline points=\"268 112 412 256 268 400\" style=\"fill:none;;stroke-linecap:round;stroke-linejoin:round;stroke-width:48px\"\/><line x1=\"392\" y1=\"256\" x2=\"100\" y2=\"256\" style=\"fill:none;;stroke-linecap:round;stroke-linejoin:round;stroke-width:48px\"\/><\/svg>  <\/span><\/span><\/div>\n                <\/div>\n            <\/div>\n        <\/div>\n    <\/div>\n    <\/div>\n    <\/div>\n    <\/section><section class=\"section is-two-columns bg-default text-default\" id=\"\">\n        <div class=\"container-fluid p-0 is-full\">\n            <div class=\"section__content\">\n            \n    <div class=\"two-columns\">\n        <div class=\"row g-0\">\n                            <div class=\"col-12 col-md-6\">\n                    <div class=\"block d-flex align-items-end mb-md-6\">\n                        <div class=\"photo-block\">\n                            <img decoding=\"async\" class=\"photo-block__img\" src=\"https:\/\/rikliskarto.com\/wp-content\/uploads\/2024\/07\/Sylvia-20-min.png\" srcset=\"https:\/\/rikliskarto.com\/wp-content\/uploads\/2024\/07\/Sylvia-20-min.png 966w, https:\/\/rikliskarto.com\/wp-content\/uploads\/2024\/07\/Sylvia-20-min-600x423.png 600w, https:\/\/rikliskarto.com\/wp-content\/uploads\/2024\/07\/Sylvia-20-min-300x211.png 300w, https:\/\/rikliskarto.com\/wp-content\/uploads\/2024\/07\/Sylvia-20-min-768x541.png 768w\" sizes=\"(max-width: 1000px) 100vw, 1000px\" alt=\"GRONINGEN\" loading=\"lazy\" >                        <\/div>\n                        <div class=\"block__inner mt-auto text-white pb-3 pb-md-4 gridTool is-left\">\n                            <div class=\"block__header\">\n                                <h2 class=\"block__title\">\n                                    GRONINGEN                                <\/h2>\n                            <\/div>\n                                                            <div class=\"block__content entry-content has-max-width-500\">\n                                    <p>Herestraat 89,9711<br \/>\n LD Groningen<br \/>\n+ 31 6 43903279<\/p>\n                                <\/div>\n                                                                                        <div class=\"block__footer\">\n                                    <div class=\"buttons-container\"><a href=\"https:\/\/maps.app.goo.gl\/hV7NvY3ccCw3Rf9c6\" target=\"\" title=\"Bezoek ons in Groningen\" class=\"BTN IS-Wei\u00df\">Bezoek ons in Groningen<\/a><\/div>                                <\/div>\n                                                    <\/div>\n                    <\/div>\n                <\/div>\n                            <div class=\"col-12 col-md-6\">\n                    <div class=\"block d-flex align-items-end mb-md-6\">\n                        <div class=\"photo-block\">\n                            <img decoding=\"async\" class=\"photo-block__img\" src=\"https:\/\/rikliskarto.com\/wp-content\/uploads\/2024\/07\/imgonline-com-ua-CompressToSize-ae6ib7KbPyqmdqVk-scaled-1.png\" srcset=\"https:\/\/rikliskarto.com\/wp-content\/uploads\/2024\/07\/imgonline-com-ua-CompressToSize-ae6ib7KbPyqmdqVk-scaled-1.png 960w, https:\/\/rikliskarto.com\/wp-content\/uploads\/2024\/07\/imgonline-com-ua-CompressToSize-ae6ib7KbPyqmdqVk-scaled-1-600x426.png 600w, https:\/\/rikliskarto.com\/wp-content\/uploads\/2024\/07\/imgonline-com-ua-CompressToSize-ae6ib7KbPyqmdqVk-scaled-1-300x213.png 300w, https:\/\/rikliskarto.com\/wp-content\/uploads\/2024\/07\/imgonline-com-ua-CompressToSize-ae6ib7KbPyqmdqVk-scaled-1-768x545.png 768w\" sizes=\"(max-width: 1000px) 100vw, 1000px\" alt=\"ZWOLLE\" loading=\"lazy\" >                        <\/div>\n                        <div class=\"block__inner mt-auto text-white pb-3 pb-md-4 gridTool is-right ps-lg-7\">\n                            <div class=\"block__header\">\n                                <h2 class=\"block__title\">\n                                    ZWOLLE                                <\/h2>\n                            <\/div>\n                                                            <div class=\"block__content entry-content has-max-width-500\">\n                                    <p>Diezerpoortenplas 14<br \/>\n8011 VW Zwolle<br \/>\n+31 6 16171800<\/p>\n                                <\/div>\n                                                                                        <div class=\"block__footer\">\n                                    <div class=\"buttons-container\"><a href=\"https:\/\/maps.app.goo.gl\/xsVuD2RqU77sa4839\" target=\"\" title=\"Bezoek ons in Zwolle\" class=\"BTN IS-Wei\u00df\">Bezoek ons in Zwolle<\/a><\/div>                                <\/div>\n                                                    <\/div>\n                    <\/div>\n                <\/div>\n                    <\/div>\n    <\/div>\n    <\/div>\n    <\/div>\n    <\/section><section class=\"section is-video-and-text bg-default text-default\" id=\"\">\n        <div class=\"container-fluid p-0 is-full\">\n            <div class=\"section__content\">\n            \n    <div class=\"brand-showcase\">\n        <div class=\"row gx-0\">\n            <div class=\"col-12 col-md-8\">\n                <div class=\"section__header\">\n                    <div class=\"block has-max-width-600 gridTool is-left py-lg-10 py-md-7 py-3\">\n                        <div class=\"block__header\">\n                            <h2 class=\"block__title has-max-width-500\">\n                                Wo Stil auf Duft trifft                            <\/h2>\n                        <\/div>\n                                                    <div class=\"block__content entry-content has-max-width-600\">\n                                <p>Bei Riklis Karto dreht sich alles um das Gesamtbild. Wir sorgen nicht nur f\u00fcr einen glatten Haarschnitt, sondern bringen Ihren pers\u00f6nlichen Stil mit unserer exklusiven Parf\u00fcmkollektion auch auf die n\u00e4chste Stufe. Denn ein perfekter Look ist erst mit einem Duft, der zu dir passt, wirklich komplett.  <\/p>\n<p>Bei Riklis Karto verbinden wir Handwerkskunst mit Luxus, damit Sie nicht nur gut aussehen, sondern sich auch fabelhaft f\u00fchlen. Treten Sie ein und erleben Sie, wie Stil und Duft Hand in Hand gehen! <\/p>\n                            <\/div>\n                                                <div class=\"block__footer mt-3\">\n                            <a\n                                data-video-src=\"https:\/\/rikliskarto.com\/wp-content\/uploads\/2024\/11\/rikliskarto.mp4\"\n                                class=\"btn is-rounded is-outline\">\n                                Watch Video\n                            <\/a>\n                        <\/div>\n                    <\/div>\n                <\/div>\n            <\/div>\n                            <div class=\"col-12 col-md-4\">\n                    <div class=\"photo-block is-100-height bg-gray-500 has-vector is-rk position-relative is-play\">\n                        <img decoding=\"async\" class=\"photo-block__img\" src=\"https:\/\/rikliskarto.com\/wp-content\/uploads\/2024\/07\/montale.png\" srcset=\"https:\/\/rikliskarto.com\/wp-content\/uploads\/2024\/07\/montale.png 658w, https:\/\/rikliskarto.com\/wp-content\/uploads\/2024\/07\/montale-600x917.png 600w, https:\/\/rikliskarto.com\/wp-content\/uploads\/2024\/07\/montale-196x300.png 196w\" sizes=\"(max-width: 1000px) 100vw, 1000px\" alt=\"Wo Stil auf Duft trifft\" loading=\"lazy\" >                        <div class=\"play__button cursor-pointer\" data-video-src=\"https:\/\/rikliskarto.com\/wp-content\/uploads\/2024\/11\/rikliskarto.mp4\">\n                            <span class=\"saam-icon \" name=\"play\">  <span class=\"saam-icon__inner\"><svg xmlns=\"http:\/\/www.w3.org\/2000\/svg\" width=\"512\" height=\"512\" viewBox=\"0 0 512 512\"><path d=\"M133,440a35.37,35.37,0,0,1-17.5-4.67c-12-6.8-19.46-20-19.46-34.33V111c0-14.37,7.46-27.53,19.46-34.33a35.13,35.13,0,0,1,35.77.45L399.12,225.48a36,36,0,0,1,0,61L151.23,434.88A35.5,35.5,0,0,1,133,440Z\"\/><\/svg>  <\/span><\/span>                        <\/div>\n                    <\/div>\n                <\/div>\n                    <\/div>\n    <\/div>\n    <\/div>\n    <\/div>\n    <\/section><section class=\"section is-blog-showcase bg-gray-100 text-default lg\" id=\"\">\n        <div class=\"container-fluid is-custom\">\n            <div class=\"section__content\">\n            \n    <\/div>\n    <\/div>\n    <\/section>","protected":false},"excerpt":{"rendered":"","protected":false},"author":2,"featured_media":0,"parent":0,"menu_order":0,"comment_status":"closed","ping_status":"closed","template":"","meta":{"_acf_changed":false,"footnotes":""},"class_list":["post-15386","page","type-page","status-publish","hentry"],"acf":[],"yoast_head":"<!-- This site is optimized with the Yoast SEO plugin v25.9 - https:\/\/yoast.com\/wordpress\/plugins\/seo\/ -->\n<title>\u00dcber uns - Riklis Karto<\/title>\n<meta name=\"robots\" content=\"index, follow, max-snippet:-1, max-image-preview:large, max-video-preview:-1\" \/>\n<link rel=\"canonical\" href=\"https:\/\/rikliskarto.com\/de\/ueber-uns\/\" \/>\n<meta property=\"og:locale\" content=\"de_DE\" \/>\n<meta property=\"og:type\" content=\"article\" \/>\n<meta property=\"og:title\" content=\"\u00dcber uns - Riklis Karto\" \/>\n<meta property=\"og:url\" content=\"https:\/\/rikliskarto.com\/de\/ueber-uns\/\" \/>\n<meta property=\"og:site_name\" content=\"Riklis Karto\" \/>\n<meta property=\"article:modified_time\" content=\"2025-05-26T13:25:42+00:00\" \/>\n<meta property=\"og:image\" content=\"https:\/\/rikliskarto.com\/wp-content\/uploads\/2024\/10\/rikliskarto.png\" \/>\n\t<meta property=\"og:image:width\" content=\"2039\" \/>\n\t<meta property=\"og:image:height\" content=\"1920\" \/>\n\t<meta property=\"og:image:type\" content=\"image\/png\" \/>\n<meta name=\"twitter:card\" content=\"summary_large_image\" \/>\n<script type=\"application\/ld+json\" class=\"yoast-schema-graph\">{\"@context\":\"https:\/\/schema.org\",\"@graph\":[{\"@type\":\"WebPage\",\"@id\":\"https:\/\/rikliskarto.com\/de\/ueber-uns\/\",\"url\":\"https:\/\/rikliskarto.com\/de\/ueber-uns\/\",\"name\":\"\u00dcber uns - Riklis Karto\",\"isPartOf\":{\"@id\":\"https:\/\/rikliskarto.com\/de\/#website\"},\"datePublished\":\"2024-08-05T14:16:13+00:00\",\"dateModified\":\"2025-05-26T13:25:42+00:00\",\"breadcrumb\":{\"@id\":\"https:\/\/rikliskarto.com\/de\/ueber-uns\/#breadcrumb\"},\"inLanguage\":\"de\",\"potentialAction\":[{\"@type\":\"ReadAction\",\"target\":[\"https:\/\/rikliskarto.com\/de\/ueber-uns\/\"]}]},{\"@type\":\"BreadcrumbList\",\"@id\":\"https:\/\/rikliskarto.com\/de\/ueber-uns\/#breadcrumb\",\"itemListElement\":[{\"@type\":\"ListItem\",\"position\":1,\"name\":\"Home\",\"item\":\"https:\/\/rikliskarto.com\/de\/heim\/\"},{\"@type\":\"ListItem\",\"position\":2,\"name\":\"\u00dcber uns\"}]},{\"@type\":\"WebSite\",\"@id\":\"https:\/\/rikliskarto.com\/de\/#website\",\"url\":\"https:\/\/rikliskarto.com\/de\/\",\"name\":\"Riklis Karto\",\"description\":\"Ontdek de beste Niche Parfum &amp; Geurkaarsen.\",\"potentialAction\":[{\"@type\":\"SearchAction\",\"target\":{\"@type\":\"EntryPoint\",\"urlTemplate\":\"https:\/\/rikliskarto.com\/de\/?s={search_term_string}\"},\"query-input\":{\"@type\":\"PropertyValueSpecification\",\"valueRequired\":true,\"valueName\":\"search_term_string\"}}],\"inLanguage\":\"de\"}]}<\/script>\n<!-- \/ Yoast SEO plugin. -->","yoast_head_json":{"title":"\u00dcber uns - Riklis Karto","robots":{"index":"index","follow":"follow","max-snippet":"max-snippet:-1","max-image-preview":"max-image-preview:large","max-video-preview":"max-video-preview:-1"},"canonical":"https:\/\/rikliskarto.com\/de\/ueber-uns\/","og_locale":"de_DE","og_type":"article","og_title":"\u00dcber uns - Riklis Karto","og_url":"https:\/\/rikliskarto.com\/de\/ueber-uns\/","og_site_name":"Riklis Karto","article_modified_time":"2025-05-26T13:25:42+00:00","og_image":[{"width":2039,"height":1920,"url":"https:\/\/rikliskarto.com\/wp-content\/uploads\/2024\/10\/rikliskarto.png","type":"image\/png"}],"twitter_card":"summary_large_image","schema":{"@context":"https:\/\/schema.org","@graph":[{"@type":"WebPage","@id":"https:\/\/rikliskarto.com\/de\/ueber-uns\/","url":"https:\/\/rikliskarto.com\/de\/ueber-uns\/","name":"\u00dcber uns - Riklis Karto","isPartOf":{"@id":"https:\/\/rikliskarto.com\/de\/#website"},"datePublished":"2024-08-05T14:16:13+00:00","dateModified":"2025-05-26T13:25:42+00:00","breadcrumb":{"@id":"https:\/\/rikliskarto.com\/de\/ueber-uns\/#breadcrumb"},"inLanguage":"de","potentialAction":[{"@type":"ReadAction","target":["https:\/\/rikliskarto.com\/de\/ueber-uns\/"]}]},{"@type":"BreadcrumbList","@id":"https:\/\/rikliskarto.com\/de\/ueber-uns\/#breadcrumb","itemListElement":[{"@type":"ListItem","position":1,"name":"Home","item":"https:\/\/rikliskarto.com\/de\/heim\/"},{"@type":"ListItem","position":2,"name":"\u00dcber uns"}]},{"@type":"WebSite","@id":"https:\/\/rikliskarto.com\/de\/#website","url":"https:\/\/rikliskarto.com\/de\/","name":"Riklis Karto","description":"Ontdek de beste Niche Parfum &amp; Geurkaarsen.","potentialAction":[{"@type":"SearchAction","target":{"@type":"EntryPoint","urlTemplate":"https:\/\/rikliskarto.com\/de\/?s={search_term_string}"},"query-input":{"@type":"PropertyValueSpecification","valueRequired":true,"valueName":"search_term_string"}}],"inLanguage":"de"}]}},"_links":{"self":[{"href":"https:\/\/rikliskarto.com\/de\/wp-json\/wp\/v2\/pages\/15386","targetHints":{"allow":["GET"]}}],"collection":[{"href":"https:\/\/rikliskarto.com\/de\/wp-json\/wp\/v2\/pages"}],"about":[{"href":"https:\/\/rikliskarto.com\/de\/wp-json\/wp\/v2\/types\/page"}],"author":[{"embeddable":true,"href":"https:\/\/rikliskarto.com\/de\/wp-json\/wp\/v2\/users\/2"}],"replies":[{"embeddable":true,"href":"https:\/\/rikliskarto.com\/de\/wp-json\/wp\/v2\/comments?post=15386"}],"version-history":[{"count":7,"href":"https:\/\/rikliskarto.com\/de\/wp-json\/wp\/v2\/pages\/15386\/revisions"}],"predecessor-version":[{"id":18628,"href":"https:\/\/rikliskarto.com\/de\/wp-json\/wp\/v2\/pages\/15386\/revisions\/18628"}],"wp:attachment":[{"href":"https:\/\/rikliskarto.com\/de\/wp-json\/wp\/v2\/media?parent=15386"}],"curies":[{"name":"wp","href":"https:\/\/api.w.org\/{rel}","templated":true}]}}